{"id":11,"date":"2025-01-15T05:42:27","date_gmt":"2025-01-15T05:42:27","guid":{"rendered":"https:\/\/kitijaabele.art\/home\/"},"modified":"2025-05-22T18:05:09","modified_gmt":"2025-05-22T18:05:09","slug":"eft-tehnika","status":"publish","type":"page","link":"https:\/\/kitijaabele.com\/en\/","title":{"rendered":"M\u0101jas"},"content":{"rendered":"<div id=\"intro\" class=\"nfd-container nfd-p-lg nfd-theme-white nfd-bg-surface is-style-nfd-theme-white wp-block-group is-layout-constrained wp-container-core-group-is-layout-b1ab6e45 wp-block-group-is-layout-constrained\">\n<div class=\"nfd-text-md nfd-gap-2xl wp-block-group is-vertical is-content-justification-center is-layout-flex wp-container-core-group-is-layout-ce155fab wp-block-group-is-layout-flex\">\n<div class=\"wp-block-group is-nowrap is-layout-flex wp-container-core-group-is-layout-6c531013 wp-block-group-is-layout-flex\"><\/div>\n\n\n\n<p class=\"nfd-text-giga nfd-text-contrast nfd-text-balance has-text-align-center\"><mark style=\"background-color:rgba(0, 0, 0, 0)\" class=\"has-inline-color has-primary-color\">&nbsp;Kitija \u0100bele<\/mark><\/p>\n\n\n\n<p class=\"nfd-text-balance nfd-text-faded has-text-align-center\"><strong>EFT Practitioner (Energy Psychology)<\/strong><\/p>\n\n\n\n<p class=\"nfd-text-balance nfd-text-faded has-text-align-center\">Photographer, video creator, and author of the book \"Searching for the Light Within.\"<\/p>\n\n\n\n<figure class=\"wp-block-pullquote\"><blockquote><p><strong>EFT therapy helps to work through and release negative thought patterns, beliefs, past events, trauma, negative emotions, and emotional pain. EFT therapy is useful for those who want to heal their soul and change their life.<\/strong><\/p><\/blockquote><\/figure>\n\n\n\n<div class=\"nfd-text-sm nfd-text-primary nfd-gap-xl wp-block-group is-layout-flex wp-block-group-is-layout-flex\" style=\"font-style:normal;font-weight:600;text-transform:uppercase\"><\/div>\n<\/div>\n<\/div>\n\n\n\n<figure class=\"wp-block-gallery has-nested-images columns-default is-cropped wp-block-gallery-1 is-layout-flex wp-block-gallery-is-layout-flex\">\n<figure class=\"wp-block-image size-large\"><img data-recalc-dims=\"1\" loading=\"lazy\" decoding=\"async\" width=\"699\" height=\"1024\" data-id=\"49\" src=\"https:\/\/i0.wp.com\/kitijaabele.art\/wp-content\/uploads\/2025\/01\/IMG_2049-699x1024.jpg?resize=699%2C1024&#038;ssl=1\" alt=\"\" class=\"wp-image-49\" srcset=\"https:\/\/i0.wp.com\/kitijaabele.com\/wp-content\/uploads\/2025\/01\/IMG_2049.jpg?resize=699%2C1024&amp;ssl=1 699w, https:\/\/i0.wp.com\/kitijaabele.com\/wp-content\/uploads\/2025\/01\/IMG_2049.jpg?resize=205%2C300&amp;ssl=1 205w, https:\/\/i0.wp.com\/kitijaabele.com\/wp-content\/uploads\/2025\/01\/IMG_2049.jpg?resize=768%2C1125&amp;ssl=1 768w, https:\/\/i0.wp.com\/kitijaabele.com\/wp-content\/uploads\/2025\/01\/IMG_2049.jpg?w=1024&amp;ssl=1 1024w\" sizes=\"auto, (max-width: 699px) 100vw, 699px\" \/><\/figure>\n\n\n\n<figure class=\"wp-block-image size-large\"><img data-recalc-dims=\"1\" loading=\"lazy\" decoding=\"async\" width=\"679\" height=\"1024\" data-id=\"51\" src=\"https:\/\/i0.wp.com\/kitijaabele.art\/wp-content\/uploads\/2025\/01\/IMG_2097-2-679x1024.jpg?resize=679%2C1024&#038;ssl=1\" alt=\"\" class=\"wp-image-51\" srcset=\"https:\/\/i0.wp.com\/kitijaabele.com\/wp-content\/uploads\/2025\/01\/IMG_2097-2.jpg?resize=679%2C1024&amp;ssl=1 679w, https:\/\/i0.wp.com\/kitijaabele.com\/wp-content\/uploads\/2025\/01\/IMG_2097-2.jpg?resize=199%2C300&amp;ssl=1 199w, https:\/\/i0.wp.com\/kitijaabele.com\/wp-content\/uploads\/2025\/01\/IMG_2097-2.jpg?resize=768%2C1158&amp;ssl=1 768w, https:\/\/i0.wp.com\/kitijaabele.com\/wp-content\/uploads\/2025\/01\/IMG_2097-2.jpg?resize=1019%2C1536&amp;ssl=1 1019w, https:\/\/i0.wp.com\/kitijaabele.com\/wp-content\/uploads\/2025\/01\/IMG_2097-2.jpg?w=1024&amp;ssl=1 1024w\" sizes=\"auto, (max-width: 679px) 100vw, 679px\" \/><\/figure>\n\n\n\n<figure class=\"wp-block-image size-large\"><img data-recalc-dims=\"1\" loading=\"lazy\" decoding=\"async\" width=\"681\" height=\"1024\" data-id=\"50\" src=\"https:\/\/i0.wp.com\/kitijaabele.art\/wp-content\/uploads\/2025\/01\/IMG_2112-2-681x1024.jpg?resize=681%2C1024&#038;ssl=1\" alt=\"\" class=\"wp-image-50\" srcset=\"https:\/\/i0.wp.com\/kitijaabele.com\/wp-content\/uploads\/2025\/01\/IMG_2112-2.jpg?resize=681%2C1024&amp;ssl=1 681w, https:\/\/i0.wp.com\/kitijaabele.com\/wp-content\/uploads\/2025\/01\/IMG_2112-2.jpg?resize=200%2C300&amp;ssl=1 200w, https:\/\/i0.wp.com\/kitijaabele.com\/wp-content\/uploads\/2025\/01\/IMG_2112-2.jpg?resize=768%2C1154&amp;ssl=1 768w, https:\/\/i0.wp.com\/kitijaabele.com\/wp-content\/uploads\/2025\/01\/IMG_2112-2.jpg?resize=1022%2C1536&amp;ssl=1 1022w, https:\/\/i0.wp.com\/kitijaabele.com\/wp-content\/uploads\/2025\/01\/IMG_2112-2.jpg?w=1024&amp;ssl=1 1024w\" sizes=\"auto, (max-width: 681px) 100vw, 681px\" \/><\/figure>\n<\/figure>\n\n\n\n<p class=\"\"><\/p>\n\n\n\n<ul class=\"wp-block-list\">\n<li class=\"\"><\/li>\n<\/ul>\n\n\n\n<div class=\"nfd-container nfd-text-md nfd-wb-text__text-1 wp-block-group is-layout-constrained wp-block-group-is-layout-constrained\">\n<div class=\"nfd-max-w-prose wp-block-group is-vertical is-content-justification-left is-layout-flex wp-container-core-group-is-layout-dd225191 wp-block-group-is-layout-flex\">\n<p class=\"nfd-text-xl nfd-text-balance\"><strong>EFT \u2013 Emotional Freedom Technique<\/strong><\/p>\n\n\n\n<p class=\"\">I was introduced to EFT six years ago, and I really liked this technique because I felt positive changes after just the first session.<\/p>\n\n\n\n<p class=\"\">Over time, I started using EFT in my everyday life whenever I felt fear, anxiety, or other negative emotions. However, what surprised me the most was that EFT also worked when I was experiencing physical pain.<\/p>\n\n\n\n<p class=\"\">The EFT technique can help in many situations, but it\u2019s surprising that it\u2019s not widely talked about in Latvia. Since I\u2019ve been using EFT in my daily life for many years, it felt only natural to get certified so I could work as an EFT therapist and help others. I regularly continue to expand my knowledge through various seminars and practical trainings. I also stay in daily contact with other EFT practitioners.<\/p>\n<\/div>\n<\/div>\n\n\n\n<figure class=\"wp-embed-aspect-16-9 wp-has-aspect-ratio wp-block-embed is-type-video is-provider-youtube wp-block-embed-youtube\"><div class=\"wp-block-embed__wrapper\">\n<iframe loading=\"lazy\" title=\"EFT (Emociju atbr\u012bvo\u0161anas tehnika)\" width=\"500\" height=\"281\" src=\"https:\/\/www.youtube.com\/embed\/efztSuM1bkk?feature=oembed\" frameborder=\"0\" allow=\"accelerometer; autoplay; clipboard-write; encrypted-media; gyroscope; picture-in-picture; web-share\" referrerpolicy=\"strict-origin-when-cross-origin\" allowfullscreen><\/iframe>\n<\/div><\/figure>\n\n\n\n<p class=\"\"><\/p>\n\n\n\n<p class=\"\"><\/p>\n\n\n\n<p class=\"\"><\/p>\n\n\n\n<div class=\"nfd-container nfd-py-md nfd-text-faded nfd-text-base  nfd-wb-footer__footer-3 is-style-nfd-theme-primary wp-block-group alignfull is-layout-constrained wp-block-group-is-layout-constrained\">\n<div class=\"wp-block-columns is-layout-flex wp-container-core-columns-is-layout-28f84493 wp-block-columns-is-layout-flex\">\n<div class=\"wp-block-column is-vertically-aligned-center is-layout-flow wp-block-column-is-layout-flow\" style=\"flex-basis:33.34%\">\n<ul class=\"is-style-logos-only wp-block-social-links has-small-icon-size is-content-justification-left is-layout-flex wp-container-core-social-links-is-layout-fc4fd283 wp-block-social-links-is-layout-flex\"><li class=\"wp-social-link wp-social-link-facebook  wp-block-social-link\"><a href=\"https:\/\/www.facebook.com\/kitija.mangule\" class=\"wp-block-social-link-anchor\"><svg width=\"24\" height=\"24\" viewbox=\"0 0 24 24\" version=\"1.1\" xmlns=\"http:\/\/www.w3.org\/2000\/svg\" aria-hidden=\"true\" focusable=\"false\"><path d=\"M12 2C6.5 2 2 6.5 2 12c0 5 3.7 9.1 8.4 9.9v-7H7.9V12h2.5V9.8c0-2.5 1.5-3.9 3.8-3.9 1.1 0 2.2.2 2.2.2v2.5h-1.3c-1.2 0-1.6.8-1.6 1.6V12h2.8l-.4 2.9h-2.3v7C18.3 21.1 22 17 22 12c0-5.5-4.5-10-10-10z\"><\/path><\/svg><span class=\"wp-block-social-link-label screen-reader-text\">Facebook<\/span><\/a><\/li>\n\n<li class=\"wp-social-link wp-social-link-youtube  wp-block-social-link\"><a href=\"https:\/\/www.youtube.com\/@Talaislidojums\" class=\"wp-block-social-link-anchor\"><svg width=\"24\" height=\"24\" viewbox=\"0 0 24 24\" version=\"1.1\" xmlns=\"http:\/\/www.w3.org\/2000\/svg\" aria-hidden=\"true\" focusable=\"false\"><path d=\"M21.8,8.001c0,0-0.195-1.378-0.795-1.985c-0.76-0.797-1.613-0.801-2.004-0.847c-2.799-0.202-6.997-0.202-6.997-0.202 h-0.009c0,0-4.198,0-6.997,0.202C4.608,5.216,3.756,5.22,2.995,6.016C2.395,6.623,2.2,8.001,2.2,8.001S2,9.62,2,11.238v1.517 c0,1.618,0.2,3.237,0.2,3.237s0.195,1.378,0.795,1.985c0.761,0.797,1.76,0.771,2.205,0.855c1.6,0.153,6.8,0.201,6.8,0.201 s4.203-0.006,7.001-0.209c0.391-0.047,1.243-0.051,2.004-0.847c0.6-0.607,0.795-1.985,0.795-1.985s0.2-1.618,0.2-3.237v-1.517 C22,9.62,21.8,8.001,21.8,8.001z M9.935,14.594l-0.001-5.62l5.404,2.82L9.935,14.594z\"><\/path><\/svg><span class=\"wp-block-social-link-label screen-reader-text\">YouTube<\/span><\/a><\/li><\/ul>\n<\/div>\n\n\n\n<div class=\"wp-block-column is-vertically-aligned-center is-layout-flow wp-block-column-is-layout-flow\" style=\"flex-basis:33.34%\"><div class=\"is-default-size aligncenter wp-block-site-logo\"><a href=\"https:\/\/kitijaabele.com\/en\/\" class=\"custom-logo-link\" rel=\"home\"><img loading=\"lazy\" decoding=\"async\" width=\"1200\" height=\"669\" src=\"https:\/\/i0.wp.com\/kitijaabele.com\/wp-content\/uploads\/2025\/01\/EFT-International-Logo-1200.png?fit=1200%2C669&amp;ssl=1\" class=\"custom-logo\" alt=\"Kitija Abele\" srcset=\"https:\/\/i0.wp.com\/kitijaabele.com\/wp-content\/uploads\/2025\/01\/EFT-International-Logo-1200.png?w=1200&amp;ssl=1 1200w, https:\/\/i0.wp.com\/kitijaabele.com\/wp-content\/uploads\/2025\/01\/EFT-International-Logo-1200.png?resize=300%2C167&amp;ssl=1 300w, https:\/\/i0.wp.com\/kitijaabele.com\/wp-content\/uploads\/2025\/01\/EFT-International-Logo-1200.png?resize=1024%2C571&amp;ssl=1 1024w, https:\/\/i0.wp.com\/kitijaabele.com\/wp-content\/uploads\/2025\/01\/EFT-International-Logo-1200.png?resize=768%2C428&amp;ssl=1 768w\" sizes=\"auto, (max-width: 1000px) 100vw, 1000px\" \/><\/a><\/div><\/div>\n\n\n\n<div class=\"wp-block-column is-vertically-aligned-center is-layout-flow wp-block-column-is-layout-flow\" style=\"flex-basis:33.33%\">\n<div class=\"md:nfd-justify-center nfd-text-contrast nfd-gap-md wp-block-group is-content-justification-right is-layout-flex wp-container-core-group-is-layout-0c0c9e10 wp-block-group-is-layout-flex\">\n<p class=\"\">\u00a9 2025<\/p>\n\n\n\n<p class=\"\">Bez iepriek\u0161\u0113jas saska\u0146o\u0161anas satura p\u0101rpublic\u0113\u0161ana aizliegta<\/p>\n<\/div>\n<\/div>\n<\/div>\n<\/div>\n\n\n\n<p class=\"\"><\/p>","protected":false},"excerpt":{"rendered":"<p>&nbsp;Kitija \u0100bele EFT Prakti\u0137is (ener\u0123ijas psiholo\u0123ija) Fotogr\u0101fe, video veidot\u0101ja un gr\u0101matas \u201cMekl\u0113jot gaismu sev\u012b\u201d autore. EFT terapija, lai atstr\u0101d\u0101tu un atbr\u012bvotu negat\u012bvus domu mode\u013cus, uzskatus, pag\u0101tnes notikumus, traumas, negat\u012bvas emocijas un emocion\u0101las s\u0101pes. EFT terapija b\u016bs noder\u012bga tiem, kuri v\u0113las dziedin\u0101t savu dv\u0113seli, un izmain\u012bt savu dz\u012bvi. EFT &#8211; Emociju atbr\u012bvo\u0161anas tehnika Ar EFT es [&hellip;]<\/p>\n","protected":false},"author":1,"featured_media":0,"parent":0,"menu_order":0,"comment_status":"closed","ping_status":"closed","template":"no-title","meta":{"nf_dc_page":"home","om_disable_all_campaigns":false,"_monsterinsights_skip_tracking":false,"_monsterinsights_sitenote_active":false,"_monsterinsights_sitenote_note":"","_monsterinsights_sitenote_category":0,"footnotes":""},"class_list":["post-11","page","type-page","status-publish","hentry"],"yoast_head":"<!-- This site is optimized with the Yoast SEO plugin v27.4 - https:\/\/yoast.com\/product\/yoast-seo-wordpress\/ -->\n<title>M\u0101jas - Kitija Abele<\/title>\n<meta name=\"description\" content=\"Kitija \u0100bele - EFT Prakti\u0137is (ener\u0123ijas terapeits), fotogr\u0101fe, video veidot\u0101ja un gr\u0101matas \u201cMekl\u0113jot gaismu sev\u012b\u201d autore.\" \/>\n<meta name=\"robots\" content=\"index, follow, max-snippet:-1, max-image-preview:large, max-video-preview:-1\" \/>\n<link rel=\"canonical\" href=\"https:\/\/kitijaabele.com\/en\/\" \/>\n<meta property=\"og:locale\" content=\"en_GB\" \/>\n<meta property=\"og:type\" content=\"article\" \/>\n<meta property=\"og:title\" content=\"M\u0101jas - Kitija Abele\" \/>\n<meta property=\"og:description\" content=\"Kitija \u0100bele - EFT Prakti\u0137is (ener\u0123ijas terapeits), fotogr\u0101fe, video veidot\u0101ja un gr\u0101matas \u201cMekl\u0113jot gaismu sev\u012b\u201d autore.\" \/>\n<meta property=\"og:url\" content=\"https:\/\/kitijaabele.com\/en\/\" \/>\n<meta property=\"og:site_name\" content=\"Kitija Abele\" \/>\n<meta property=\"article:modified_time\" content=\"2025-05-22T18:05:09+00:00\" \/>\n<meta property=\"og:image\" content=\"https:\/\/kitijaabele.art\/wp-content\/uploads\/2025\/01\/IMG_2049-699x1024.jpg\" \/>\n<meta name=\"twitter:card\" content=\"summary_large_image\" \/>\n<meta name=\"twitter:label1\" content=\"Estimated reading time\" \/>\n\t<meta name=\"twitter:data1\" content=\"2 minutes\" \/>\n<script type=\"application\/ld+json\" class=\"yoast-schema-graph\">{\"@context\":\"https:\\\/\\\/schema.org\",\"@graph\":[{\"@type\":\"WebPage\",\"@id\":\"https:\\\/\\\/kitijaabele.com\\\/\",\"url\":\"https:\\\/\\\/kitijaabele.com\\\/\",\"name\":\"M\u0101jas - Kitija Abele\",\"isPartOf\":{\"@id\":\"https:\\\/\\\/kitijaabele.com\\\/#website\"},\"primaryImageOfPage\":{\"@id\":\"https:\\\/\\\/kitijaabele.com\\\/#primaryimage\"},\"image\":{\"@id\":\"https:\\\/\\\/kitijaabele.com\\\/#primaryimage\"},\"thumbnailUrl\":\"https:\\\/\\\/kitijaabele.art\\\/wp-content\\\/uploads\\\/2025\\\/01\\\/IMG_2049-699x1024.jpg\",\"datePublished\":\"2025-01-15T05:42:27+00:00\",\"dateModified\":\"2025-05-22T18:05:09+00:00\",\"description\":\"Kitija \u0100bele - EFT Prakti\u0137is (ener\u0123ijas terapeits), fotogr\u0101fe, video veidot\u0101ja un gr\u0101matas \u201cMekl\u0113jot gaismu sev\u012b\u201d autore.\",\"breadcrumb\":{\"@id\":\"https:\\\/\\\/kitijaabele.com\\\/#breadcrumb\"},\"inLanguage\":\"en-GB\",\"potentialAction\":[{\"@type\":\"ReadAction\",\"target\":[\"https:\\\/\\\/kitijaabele.com\\\/\"]}]},{\"@type\":\"ImageObject\",\"inLanguage\":\"en-GB\",\"@id\":\"https:\\\/\\\/kitijaabele.com\\\/#primaryimage\",\"url\":\"https:\\\/\\\/kitijaabele.art\\\/wp-content\\\/uploads\\\/2025\\\/01\\\/IMG_2049-699x1024.jpg\",\"contentUrl\":\"https:\\\/\\\/kitijaabele.art\\\/wp-content\\\/uploads\\\/2025\\\/01\\\/IMG_2049-699x1024.jpg\"},{\"@type\":\"BreadcrumbList\",\"@id\":\"https:\\\/\\\/kitijaabele.com\\\/#breadcrumb\",\"itemListElement\":[{\"@type\":\"ListItem\",\"position\":1,\"name\":\"Home\",\"item\":\"https:\\\/\\\/kitijaabele.com\\\/\"},{\"@type\":\"ListItem\",\"position\":2,\"name\":\"M\u0101jas\"}]},{\"@type\":\"WebSite\",\"@id\":\"https:\\\/\\\/kitijaabele.com\\\/#website\",\"url\":\"https:\\\/\\\/kitijaabele.com\\\/\",\"name\":\"Kitija Abele\",\"description\":\"Kitija \u0100bele - EFT Prakti\u0137is (ener\u0123ijas terapeits), fotogr\u0101fe, video veidot\u0101ja un gr\u0101matas \u201cMekl\u0113jot gaismu sev\u012b\u201d autore.\",\"publisher\":{\"@id\":\"https:\\\/\\\/kitijaabele.com\\\/#\\\/schema\\\/person\\\/a6fdc7e47ba166099fbd1105eb6e14c5\"},\"potentialAction\":[{\"@type\":\"SearchAction\",\"target\":{\"@type\":\"EntryPoint\",\"urlTemplate\":\"https:\\\/\\\/kitijaabele.com\\\/?s={search_term_string}\"},\"query-input\":{\"@type\":\"PropertyValueSpecification\",\"valueRequired\":true,\"valueName\":\"search_term_string\"}}],\"inLanguage\":\"en-GB\"},{\"@type\":[\"Person\",\"Organization\"],\"@id\":\"https:\\\/\\\/kitijaabele.com\\\/#\\\/schema\\\/person\\\/a6fdc7e47ba166099fbd1105eb6e14c5\",\"name\":\"KITIJAMANGULE\",\"image\":{\"@type\":\"ImageObject\",\"inLanguage\":\"en-GB\",\"@id\":\"https:\\\/\\\/kitijaabele.art\\\/wp-content\\\/uploads\\\/2025\\\/01\\\/IMG_1957-1-edited.jpg\",\"url\":\"https:\\\/\\\/kitijaabele.art\\\/wp-content\\\/uploads\\\/2025\\\/01\\\/IMG_1957-1-edited.jpg\",\"contentUrl\":\"https:\\\/\\\/kitijaabele.art\\\/wp-content\\\/uploads\\\/2025\\\/01\\\/IMG_1957-1-edited.jpg\",\"width\":770,\"height\":1155,\"caption\":\"KITIJAMANGULE\"},\"logo\":{\"@id\":\"https:\\\/\\\/kitijaabele.art\\\/wp-content\\\/uploads\\\/2025\\\/01\\\/IMG_1957-1-edited.jpg\"}}]}<\/script>\n<!-- \/ Yoast SEO plugin. -->","yoast_head_json":{"title":"M\u0101jas - Kitija Abele","description":"Kitija \u0100bele - EFT Prakti\u0137is (ener\u0123ijas terapeits), fotogr\u0101fe, video veidot\u0101ja un gr\u0101matas \u201cMekl\u0113jot gaismu sev\u012b\u201d autore.","robots":{"index":"index","follow":"follow","max-snippet":"max-snippet:-1","max-image-preview":"max-image-preview:large","max-video-preview":"max-video-preview:-1"},"canonical":"https:\/\/kitijaabele.com\/en\/","og_locale":"en_GB","og_type":"article","og_title":"M\u0101jas - Kitija Abele","og_description":"Kitija \u0100bele - EFT Prakti\u0137is (ener\u0123ijas terapeits), fotogr\u0101fe, video veidot\u0101ja un gr\u0101matas \u201cMekl\u0113jot gaismu sev\u012b\u201d autore.","og_url":"https:\/\/kitijaabele.com\/en\/","og_site_name":"Kitija Abele","article_modified_time":"2025-05-22T18:05:09+00:00","og_image":[{"url":"https:\/\/kitijaabele.art\/wp-content\/uploads\/2025\/01\/IMG_2049-699x1024.jpg","type":"","width":"","height":""}],"twitter_card":"summary_large_image","twitter_misc":{"Estimated reading time":"2 minutes"},"schema":{"@context":"https:\/\/schema.org","@graph":[{"@type":"WebPage","@id":"https:\/\/kitijaabele.com\/","url":"https:\/\/kitijaabele.com\/","name":"M\u0101jas - Kitija Abele","isPartOf":{"@id":"https:\/\/kitijaabele.com\/#website"},"primaryImageOfPage":{"@id":"https:\/\/kitijaabele.com\/#primaryimage"},"image":{"@id":"https:\/\/kitijaabele.com\/#primaryimage"},"thumbnailUrl":"https:\/\/kitijaabele.art\/wp-content\/uploads\/2025\/01\/IMG_2049-699x1024.jpg","datePublished":"2025-01-15T05:42:27+00:00","dateModified":"2025-05-22T18:05:09+00:00","description":"Kitija \u0100bele - EFT Prakti\u0137is (ener\u0123ijas terapeits), fotogr\u0101fe, video veidot\u0101ja un gr\u0101matas \u201cMekl\u0113jot gaismu sev\u012b\u201d autore.","breadcrumb":{"@id":"https:\/\/kitijaabele.com\/#breadcrumb"},"inLanguage":"en-GB","potentialAction":[{"@type":"ReadAction","target":["https:\/\/kitijaabele.com\/"]}]},{"@type":"ImageObject","inLanguage":"en-GB","@id":"https:\/\/kitijaabele.com\/#primaryimage","url":"https:\/\/kitijaabele.art\/wp-content\/uploads\/2025\/01\/IMG_2049-699x1024.jpg","contentUrl":"https:\/\/kitijaabele.art\/wp-content\/uploads\/2025\/01\/IMG_2049-699x1024.jpg"},{"@type":"BreadcrumbList","@id":"https:\/\/kitijaabele.com\/#breadcrumb","itemListElement":[{"@type":"ListItem","position":1,"name":"Home","item":"https:\/\/kitijaabele.com\/"},{"@type":"ListItem","position":2,"name":"M\u0101jas"}]},{"@type":"WebSite","@id":"https:\/\/kitijaabele.com\/#website","url":"https:\/\/kitijaabele.com\/","name":"Kitija Abele","description":"Kitija \u0100bele - EFT Prakti\u0137is (ener\u0123ijas terapeits), fotogr\u0101fe, video veidot\u0101ja un gr\u0101matas \u201cMekl\u0113jot gaismu sev\u012b\u201d autore.","publisher":{"@id":"https:\/\/kitijaabele.com\/#\/schema\/person\/a6fdc7e47ba166099fbd1105eb6e14c5"},"potentialAction":[{"@type":"SearchAction","target":{"@type":"EntryPoint","urlTemplate":"https:\/\/kitijaabele.com\/?s={search_term_string}"},"query-input":{"@type":"PropertyValueSpecification","valueRequired":true,"valueName":"search_term_string"}}],"inLanguage":"en-GB"},{"@type":["Person","Organization"],"@id":"https:\/\/kitijaabele.com\/#\/schema\/person\/a6fdc7e47ba166099fbd1105eb6e14c5","name":"KITIJAMANGULE","image":{"@type":"ImageObject","inLanguage":"en-GB","@id":"https:\/\/kitijaabele.art\/wp-content\/uploads\/2025\/01\/IMG_1957-1-edited.jpg","url":"https:\/\/kitijaabele.art\/wp-content\/uploads\/2025\/01\/IMG_1957-1-edited.jpg","contentUrl":"https:\/\/kitijaabele.art\/wp-content\/uploads\/2025\/01\/IMG_1957-1-edited.jpg","width":770,"height":1155,"caption":"KITIJAMANGULE"},"logo":{"@id":"https:\/\/kitijaabele.art\/wp-content\/uploads\/2025\/01\/IMG_1957-1-edited.jpg"}}]}},"jetpack_sharing_enabled":true,"_links":{"self":[{"href":"https:\/\/kitijaabele.com\/en\/wp-json\/wp\/v2\/pages\/11","targetHints":{"allow":["GET"]}}],"collection":[{"href":"https:\/\/kitijaabele.com\/en\/wp-json\/wp\/v2\/pages"}],"about":[{"href":"https:\/\/kitijaabele.com\/en\/wp-json\/wp\/v2\/types\/page"}],"author":[{"embeddable":true,"href":"https:\/\/kitijaabele.com\/en\/wp-json\/wp\/v2\/users\/1"}],"replies":[{"embeddable":true,"href":"https:\/\/kitijaabele.com\/en\/wp-json\/wp\/v2\/comments?post=11"}],"version-history":[{"count":20,"href":"https:\/\/kitijaabele.com\/en\/wp-json\/wp\/v2\/pages\/11\/revisions"}],"predecessor-version":[{"id":278,"href":"https:\/\/kitijaabele.com\/en\/wp-json\/wp\/v2\/pages\/11\/revisions\/278"}],"wp:attachment":[{"href":"https:\/\/kitijaabele.com\/en\/wp-json\/wp\/v2\/media?parent=11"}],"curies":[{"name":"wp","href":"https:\/\/api.w.org\/{rel}","templated":true}]}}