{"id":128,"date":"2025-01-15T07:22:40","date_gmt":"2025-01-15T07:22:40","guid":{"rendered":"https:\/\/kitijaabele.art\/?page_id=128"},"modified":"2025-02-28T15:43:13","modified_gmt":"2025-02-28T15:43:13","slug":"par-eft","status":"publish","type":"page","link":"https:\/\/kitijaabele.com\/en\/par-eft\/","title":{"rendered":"About EFT"},"content":{"rendered":"<div class=\"wp-block-columns is-layout-flex wp-container-core-columns-is-layout-28f84493 wp-block-columns-is-layout-flex\">\n<div class=\"wp-block-column is-layout-flow wp-block-column-is-layout-flow\" style=\"flex-basis:100%\">\n<figure class=\"wp-block-gallery has-nested-images columns-default is-cropped wp-block-gallery-1 is-layout-flex wp-block-gallery-is-layout-flex\">\n<figure class=\"wp-block-image size-large\"><img data-recalc-dims=\"1\" loading=\"lazy\" decoding=\"async\" width=\"691\" height=\"1024\" data-id=\"131\" src=\"https:\/\/i0.wp.com\/kitijaabele.art\/wp-content\/uploads\/2025\/01\/IMG_1574-2-691x1024.jpg?resize=691%2C1024&#038;ssl=1\" alt=\"\" class=\"wp-image-131\" srcset=\"https:\/\/i0.wp.com\/kitijaabele.com\/wp-content\/uploads\/2025\/01\/IMG_1574-2.jpg?resize=691%2C1024&amp;ssl=1 691w, https:\/\/i0.wp.com\/kitijaabele.com\/wp-content\/uploads\/2025\/01\/IMG_1574-2.jpg?resize=202%2C300&amp;ssl=1 202w, https:\/\/i0.wp.com\/kitijaabele.com\/wp-content\/uploads\/2025\/01\/IMG_1574-2.jpg?resize=768%2C1139&amp;ssl=1 768w, https:\/\/i0.wp.com\/kitijaabele.com\/wp-content\/uploads\/2025\/01\/IMG_1574-2.jpg?w=1024&amp;ssl=1 1024w\" sizes=\"auto, (max-width: 691px) 100vw, 691px\" \/><\/figure>\n\n\n\n<figure class=\"wp-block-image size-large\"><img data-recalc-dims=\"1\" loading=\"lazy\" decoding=\"async\" width=\"686\" height=\"1024\" data-id=\"132\" src=\"https:\/\/i0.wp.com\/kitijaabele.art\/wp-content\/uploads\/2025\/01\/IMG_1586-3-686x1024.jpg?resize=686%2C1024&#038;ssl=1\" alt=\"\" class=\"wp-image-132\" srcset=\"https:\/\/i0.wp.com\/kitijaabele.com\/wp-content\/uploads\/2025\/01\/IMG_1586-3.jpg?resize=686%2C1024&amp;ssl=1 686w, https:\/\/i0.wp.com\/kitijaabele.com\/wp-content\/uploads\/2025\/01\/IMG_1586-3.jpg?resize=201%2C300&amp;ssl=1 201w, https:\/\/i0.wp.com\/kitijaabele.com\/wp-content\/uploads\/2025\/01\/IMG_1586-3.jpg?resize=768%2C1147&amp;ssl=1 768w, https:\/\/i0.wp.com\/kitijaabele.com\/wp-content\/uploads\/2025\/01\/IMG_1586-3.jpg?w=1024&amp;ssl=1 1024w\" sizes=\"auto, (max-width: 686px) 100vw, 686px\" \/><\/figure>\n\n\n\n<figure class=\"wp-block-image size-large\"><img data-recalc-dims=\"1\" loading=\"lazy\" decoding=\"async\" width=\"686\" height=\"1024\" data-id=\"133\" src=\"https:\/\/i0.wp.com\/kitijaabele.art\/wp-content\/uploads\/2025\/01\/IMG_1667-3-686x1024.jpg?resize=686%2C1024&#038;ssl=1\" alt=\"\" class=\"wp-image-133\" srcset=\"https:\/\/i0.wp.com\/kitijaabele.com\/wp-content\/uploads\/2025\/01\/IMG_1667-3.jpg?resize=686%2C1024&amp;ssl=1 686w, https:\/\/i0.wp.com\/kitijaabele.com\/wp-content\/uploads\/2025\/01\/IMG_1667-3.jpg?resize=201%2C300&amp;ssl=1 201w, https:\/\/i0.wp.com\/kitijaabele.com\/wp-content\/uploads\/2025\/01\/IMG_1667-3.jpg?resize=768%2C1146&amp;ssl=1 768w, https:\/\/i0.wp.com\/kitijaabele.com\/wp-content\/uploads\/2025\/01\/IMG_1667-3.jpg?w=1024&amp;ssl=1 1024w\" sizes=\"auto, (max-width: 686px) 100vw, 686px\" \/><\/figure>\n<\/figure>\n<\/div>\n<\/div>\n\n\n\n<div class=\"nfd-container nfd-wb-text__text-13 wp-block-group alignfull is-layout-constrained wp-container-core-group-is-layout-346627ba wp-block-group-is-layout-constrained\">\n<div class=\"nfd-container nfd-text-md wp-block-group alignfull is-layout-constrained wp-container-core-group-is-layout-346627ba wp-block-group-is-layout-constrained\">\n<div class=\"nfd-max-w-prose wp-block-group is-vertical is-content-justification-left is-layout-flex wp-container-core-group-is-layout-dd225191 wp-block-group-is-layout-flex\">\n<p class=\"nfd-text-xl nfd-text-balance\"><strong>What is EFT?<\/strong><\/p>\n\n\n\n<p class=\"\">EFT \u2013 Emotional Freedom Technique \u2013 is a mind-body technique and a modality of energy psychology that helps to harmonize the body\u2019s energy systems, process negative emotions, reduce stress, and release trauma and limiting beliefs. EFT changes a person's internal emotional state, and when that state shifts, so does their perception of events, experiences, themselves, and their life. As a result, the quality of life improves over time.<\/p>\n<\/div>\n<\/div>\n\n\n\n<div class=\"nfd-container nfd-text-md wp-block-group alignfull is-layout-constrained wp-container-core-group-is-layout-346627ba wp-block-group-is-layout-constrained\">\n<div class=\"nfd-max-w-prose wp-block-group is-vertical is-content-justification-left is-layout-flex wp-container-core-group-is-layout-dd225191 wp-block-group-is-layout-flex\">\n<p class=\"nfd-text-xl nfd-text-balance\"><strong>Why is EFT a powerful tool?<\/strong><\/p>\n\n\n\n<p class=\"\">Sometimes, simply talking about a problem doesn\u2019t help. Even when we realize that our thoughts, actions, or perceptions are negative or unhelpful, we often can\u2019t force ourselves to change\u2014no matter how hard we try. EFT helps us go deeper, allowing us to acknowledge our true emotions and pain. When we allow ourselves to feel them without resistance, those emotions begin to move, transform, and eventually release, along with the tension stored in the body.\nDuring an EFT session, we consciously work with the body\u2019s energy system by tapping on acupuncture points, based on the principles of Chinese medicine.<\/p>\n<\/div>\n<\/div>\n\n\n\n<div class=\"nfd-container nfd-text-md wp-block-group alignfull is-layout-constrained wp-container-core-group-is-layout-346627ba wp-block-group-is-layout-constrained\">\n<div class=\"nfd-max-w-prose wp-block-group is-vertical is-content-justification-left is-layout-flex wp-container-core-group-is-layout-dd225191 wp-block-group-is-layout-flex\">\n<p class=\"nfd-text-xl nfd-text-balance\"><strong><strong>Suppressed and rejected emotions create energy blockages<\/strong><\/strong><\/p>\n\n\n\n<p class=\"\">Emotions are energy in motion. They draw our attention to desires, discomforts, or unresolved situations. When we listen to our emotions, they guide us toward a more authentic and aligned life. But often, we suppress or reject our negative emotions, avoiding them entirely. Over time, this emotional suppression can lead to deeper problems\u2014not just psychologically and emotionally, but also physically and energetically.\nInterestingly, when we block negative emotions, we often block positive ones too.<\/p>\n<\/div>\n<\/div>\n\n\n\n<div class=\"nfd-container nfd-text-md wp-block-group alignfull is-layout-constrained wp-container-core-group-is-layout-346627ba wp-block-group-is-layout-constrained\">\n<div class=\"nfd-max-w-prose wp-block-group is-vertical is-content-justification-left is-layout-flex wp-container-core-group-is-layout-dd225191 wp-block-group-is-layout-flex\">\n<p class=\"nfd-text-xl nfd-text-balance\"><strong>The body can be healed through the mind\u2014and the mind through the body<\/strong><\/p>\n\n\n\n<p class=\"\">Many people have heard the idea that changing your thoughts can heal the body. But few realize the opposite is also true: we can heal the mind by working with the body.<\/p>\n<\/div>\n<\/div>\n\n\n\n<div class=\"nfd-container nfd-text-md wp-block-group alignfull is-layout-constrained wp-container-core-group-is-layout-346627ba wp-block-group-is-layout-constrained\">\n<div class=\"nfd-max-w-prose wp-block-group is-vertical is-content-justification-left is-layout-flex wp-container-core-group-is-layout-dd225191 wp-block-group-is-layout-flex\">\n<p class=\"nfd-text-xl nfd-text-balance\"><strong>A brief history of EFT<\/strong><\/p>\n\n\n\n<p class=\"\">EFT was developed by American engineer Gary Craig, who was passionate about helping people overcome emotional limitations. Fascinated by psychology, Craig worked with NLP (Neuro-Linguistic Programming) for many years before discovering a ground-breaking technique called TFT (Thought Field Therapy), developed by clinical psychologist Roger Callahan.<\/p>\n\n\n\n<p class=\"\">After studying with Callahan, Craig developed his own version\u2014Emotional Freedom Technique (EFT)\u2014which he believed made the process more accessible. He later refined it with Adrienne Fowlie and tested the method on traumatized war veterans, many of whom reported significant improvements in their quality of life after EFT sessions.<\/p>\n\n\n\n<p class=\"\">You can read more about the origins and success of EFT in the book Emotional Healing in Minutes by Valerie and Paul Lynch.<\/p>\n<\/div>\n<\/div>\n\n\n\n<div class=\"nfd-container nfd-text-md wp-block-group alignfull is-layout-constrained wp-container-core-group-is-layout-346627ba wp-block-group-is-layout-constrained\">\n<div class=\"nfd-max-w-prose wp-block-group is-vertical is-content-justification-left is-layout-flex wp-container-core-group-is-layout-dd225191 wp-block-group-is-layout-flex\">\n<p class=\"nfd-text-xl nfd-text-balance\"><strong><strong>Is EFT based on the placebo effect?<\/strong><\/strong><\/p>\n\n\n\n<p class=\"\">Some people claim that EFT works only because of the placebo effect. However, belief in EFT\u2019s effectiveness isn\u2019t necessary for it to work. Even if clients initially find the tapping movements strange or unfamiliar, changes often begin once they simply let go and follow the process.<\/p>\n<\/div>\n\n\n\n<div class=\"nfd-max-w-prose wp-block-group is-vertical is-content-justification-left is-layout-flex wp-container-core-group-is-layout-dd225191 wp-block-group-is-layout-flex\">\n<p class=\"nfd-text-xl nfd-text-balance\"><strong><strong><strong>Is EFT a miracle cure?<\/strong><\/strong><\/strong><\/p>\n\n\n\n<p class=\"\">EFT is not a miracle\u2014it\u2019s personal work. And that\u2019s important to keep in mind.<\/p>\n\n\n\n<p class=\"\">While I personally consider EFT the most powerful tool I use for shifting my inner state or changing my reality, practicing it still requires presence, energy, and intention.<\/p>\n\n\n\n<p class=\"\">Some issues can be resolved in a single session. Others take time and emotional courage. Sometimes, only a small part of a deeper issue can be addressed in one session, which is why ongoing work is often recommended.<\/p>\n\n\n\n<p class=\"\">&nbsp;An EFT therapist acts as a supportive guide\u2014someone who helps you uncover the root of the problem and makes it easier to go within and do the deeper emotional work.<\/p>\n<\/div>\n<\/div>\n<\/div>\n\n\n\n<p class=\"\"><\/p>","protected":false},"excerpt":{"rendered":"<p>Kas ir EFT? EFT \u2013 Emociju atbr\u012bvo\u0161anas tehnika (\u0137erme\u0146a un pr\u0101ta tehnika)&nbsp; ir viena no ener\u0123ijas psiholo\u0123ijas modalit\u0101t\u0113m, kas pal\u012bdz harmoniz\u0113t \u0137erme\u0146a ener\u0123ijas, atstr\u0101d\u0101t negat\u012bvas emocijas, mazin\u0101t stresu \u0137ermen\u012b, atbr\u012bvot traumas un limit\u0113jo\u0161us uzskatus. EFT izmaina cilv\u0113ka iek\u0161\u0113jo emocion\u0101lo st\u0101vokli. Tad, kad emocion\u0101lais st\u0101voklis tiek izmain\u012bts, main\u0101s ar\u012b uztvere par liet\u0101m, notikumiem, pieredzi, k\u0101 ar\u012b [&hellip;]<\/p>\n","protected":false},"author":1,"featured_media":0,"parent":0,"menu_order":0,"comment_status":"closed","ping_status":"closed","template":"","meta":{"nf_dc_page":"","om_disable_all_campaigns":false,"_monsterinsights_skip_tracking":false,"_monsterinsights_sitenote_active":false,"_monsterinsights_sitenote_note":"","_monsterinsights_sitenote_category":0,"footnotes":""},"class_list":["post-128","page","type-page","status-publish","hentry"],"yoast_head":"<!-- This site is optimized with the Yoast SEO plugin v27.4 - https:\/\/yoast.com\/product\/yoast-seo-wordpress\/ -->\n<title>Par EFT - Kitija Abele<\/title>\n<meta name=\"robots\" content=\"index, follow, max-snippet:-1, max-image-preview:large, max-video-preview:-1\" \/>\n<link rel=\"canonical\" href=\"https:\/\/kitijaabele.com\/en\/par-eft\/\" \/>\n<meta property=\"og:locale\" content=\"en_GB\" \/>\n<meta property=\"og:type\" content=\"article\" \/>\n<meta property=\"og:title\" content=\"Par EFT - Kitija Abele\" \/>\n<meta property=\"og:description\" content=\"Kas ir EFT? EFT \u2013 Emociju atbr\u012bvo\u0161anas tehnika (\u0137erme\u0146a un pr\u0101ta tehnika)&nbsp; ir viena no ener\u0123ijas psiholo\u0123ijas modalit\u0101t\u0113m, kas pal\u012bdz harmoniz\u0113t \u0137erme\u0146a ener\u0123ijas, atstr\u0101d\u0101t negat\u012bvas emocijas, mazin\u0101t stresu \u0137ermen\u012b, atbr\u012bvot traumas un limit\u0113jo\u0161us uzskatus. EFT izmaina cilv\u0113ka iek\u0161\u0113jo emocion\u0101lo st\u0101vokli. Tad, kad emocion\u0101lais st\u0101voklis tiek izmain\u012bts, main\u0101s ar\u012b uztvere par liet\u0101m, notikumiem, pieredzi, k\u0101 ar\u012b [&hellip;]\" \/>\n<meta property=\"og:url\" content=\"https:\/\/kitijaabele.com\/en\/par-eft\/\" \/>\n<meta property=\"og:site_name\" content=\"Kitija Abele\" \/>\n<meta property=\"article:modified_time\" content=\"2025-02-28T15:43:13+00:00\" \/>\n<meta property=\"og:image\" content=\"https:\/\/kitijaabele.art\/wp-content\/uploads\/2025\/01\/IMG_1574-2-691x1024.jpg\" \/>\n<meta name=\"twitter:card\" content=\"summary_large_image\" \/>\n<meta name=\"twitter:label1\" content=\"Estimated reading time\" \/>\n\t<meta name=\"twitter:data1\" content=\"3 minutes\" \/>\n<script type=\"application\/ld+json\" class=\"yoast-schema-graph\">{\"@context\":\"https:\\\/\\\/schema.org\",\"@graph\":[{\"@type\":\"WebPage\",\"@id\":\"https:\\\/\\\/kitijaabele.com\\\/par-eft\\\/\",\"url\":\"https:\\\/\\\/kitijaabele.com\\\/par-eft\\\/\",\"name\":\"Par EFT - Kitija Abele\",\"isPartOf\":{\"@id\":\"https:\\\/\\\/kitijaabele.com\\\/#website\"},\"primaryImageOfPage\":{\"@id\":\"https:\\\/\\\/kitijaabele.com\\\/par-eft\\\/#primaryimage\"},\"image\":{\"@id\":\"https:\\\/\\\/kitijaabele.com\\\/par-eft\\\/#primaryimage\"},\"thumbnailUrl\":\"https:\\\/\\\/kitijaabele.art\\\/wp-content\\\/uploads\\\/2025\\\/01\\\/IMG_1574-2-691x1024.jpg\",\"datePublished\":\"2025-01-15T07:22:40+00:00\",\"dateModified\":\"2025-02-28T15:43:13+00:00\",\"breadcrumb\":{\"@id\":\"https:\\\/\\\/kitijaabele.com\\\/par-eft\\\/#breadcrumb\"},\"inLanguage\":\"en-GB\",\"potentialAction\":[{\"@type\":\"ReadAction\",\"target\":[\"https:\\\/\\\/kitijaabele.com\\\/par-eft\\\/\"]}]},{\"@type\":\"ImageObject\",\"inLanguage\":\"en-GB\",\"@id\":\"https:\\\/\\\/kitijaabele.com\\\/par-eft\\\/#primaryimage\",\"url\":\"https:\\\/\\\/kitijaabele.art\\\/wp-content\\\/uploads\\\/2025\\\/01\\\/IMG_1574-2-691x1024.jpg\",\"contentUrl\":\"https:\\\/\\\/kitijaabele.art\\\/wp-content\\\/uploads\\\/2025\\\/01\\\/IMG_1574-2-691x1024.jpg\"},{\"@type\":\"BreadcrumbList\",\"@id\":\"https:\\\/\\\/kitijaabele.com\\\/par-eft\\\/#breadcrumb\",\"itemListElement\":[{\"@type\":\"ListItem\",\"position\":1,\"name\":\"Home\",\"item\":\"https:\\\/\\\/kitijaabele.com\\\/\"},{\"@type\":\"ListItem\",\"position\":2,\"name\":\"Par EFT\"}]},{\"@type\":\"WebSite\",\"@id\":\"https:\\\/\\\/kitijaabele.com\\\/#website\",\"url\":\"https:\\\/\\\/kitijaabele.com\\\/\",\"name\":\"Kitija Abele\",\"description\":\"Kitija \u0100bele - EFT Prakti\u0137is (ener\u0123ijas terapeits), fotogr\u0101fe, video veidot\u0101ja un gr\u0101matas \u201cMekl\u0113jot gaismu sev\u012b\u201d autore.\",\"publisher\":{\"@id\":\"https:\\\/\\\/kitijaabele.com\\\/#\\\/schema\\\/person\\\/a6fdc7e47ba166099fbd1105eb6e14c5\"},\"potentialAction\":[{\"@type\":\"SearchAction\",\"target\":{\"@type\":\"EntryPoint\",\"urlTemplate\":\"https:\\\/\\\/kitijaabele.com\\\/?s={search_term_string}\"},\"query-input\":{\"@type\":\"PropertyValueSpecification\",\"valueRequired\":true,\"valueName\":\"search_term_string\"}}],\"inLanguage\":\"en-GB\"},{\"@type\":[\"Person\",\"Organization\"],\"@id\":\"https:\\\/\\\/kitijaabele.com\\\/#\\\/schema\\\/person\\\/a6fdc7e47ba166099fbd1105eb6e14c5\",\"name\":\"KITIJAMANGULE\",\"image\":{\"@type\":\"ImageObject\",\"inLanguage\":\"en-GB\",\"@id\":\"https:\\\/\\\/kitijaabele.art\\\/wp-content\\\/uploads\\\/2025\\\/01\\\/IMG_1957-1-edited.jpg\",\"url\":\"https:\\\/\\\/kitijaabele.art\\\/wp-content\\\/uploads\\\/2025\\\/01\\\/IMG_1957-1-edited.jpg\",\"contentUrl\":\"https:\\\/\\\/kitijaabele.art\\\/wp-content\\\/uploads\\\/2025\\\/01\\\/IMG_1957-1-edited.jpg\",\"width\":770,\"height\":1155,\"caption\":\"KITIJAMANGULE\"},\"logo\":{\"@id\":\"https:\\\/\\\/kitijaabele.art\\\/wp-content\\\/uploads\\\/2025\\\/01\\\/IMG_1957-1-edited.jpg\"}}]}<\/script>\n<!-- \/ Yoast SEO plugin. -->","yoast_head_json":{"title":"Par EFT - Kitija Abele","robots":{"index":"index","follow":"follow","max-snippet":"max-snippet:-1","max-image-preview":"max-image-preview:large","max-video-preview":"max-video-preview:-1"},"canonical":"https:\/\/kitijaabele.com\/en\/par-eft\/","og_locale":"en_GB","og_type":"article","og_title":"Par EFT - Kitija Abele","og_description":"Kas ir EFT? EFT \u2013 Emociju atbr\u012bvo\u0161anas tehnika (\u0137erme\u0146a un pr\u0101ta tehnika)&nbsp; ir viena no ener\u0123ijas psiholo\u0123ijas modalit\u0101t\u0113m, kas pal\u012bdz harmoniz\u0113t \u0137erme\u0146a ener\u0123ijas, atstr\u0101d\u0101t negat\u012bvas emocijas, mazin\u0101t stresu \u0137ermen\u012b, atbr\u012bvot traumas un limit\u0113jo\u0161us uzskatus. EFT izmaina cilv\u0113ka iek\u0161\u0113jo emocion\u0101lo st\u0101vokli. Tad, kad emocion\u0101lais st\u0101voklis tiek izmain\u012bts, main\u0101s ar\u012b uztvere par liet\u0101m, notikumiem, pieredzi, k\u0101 ar\u012b [&hellip;]","og_url":"https:\/\/kitijaabele.com\/en\/par-eft\/","og_site_name":"Kitija Abele","article_modified_time":"2025-02-28T15:43:13+00:00","og_image":[{"url":"https:\/\/kitijaabele.art\/wp-content\/uploads\/2025\/01\/IMG_1574-2-691x1024.jpg","type":"","width":"","height":""}],"twitter_card":"summary_large_image","twitter_misc":{"Estimated reading time":"3 minutes"},"schema":{"@context":"https:\/\/schema.org","@graph":[{"@type":"WebPage","@id":"https:\/\/kitijaabele.com\/par-eft\/","url":"https:\/\/kitijaabele.com\/par-eft\/","name":"Par EFT - Kitija Abele","isPartOf":{"@id":"https:\/\/kitijaabele.com\/#website"},"primaryImageOfPage":{"@id":"https:\/\/kitijaabele.com\/par-eft\/#primaryimage"},"image":{"@id":"https:\/\/kitijaabele.com\/par-eft\/#primaryimage"},"thumbnailUrl":"https:\/\/kitijaabele.art\/wp-content\/uploads\/2025\/01\/IMG_1574-2-691x1024.jpg","datePublished":"2025-01-15T07:22:40+00:00","dateModified":"2025-02-28T15:43:13+00:00","breadcrumb":{"@id":"https:\/\/kitijaabele.com\/par-eft\/#breadcrumb"},"inLanguage":"en-GB","potentialAction":[{"@type":"ReadAction","target":["https:\/\/kitijaabele.com\/par-eft\/"]}]},{"@type":"ImageObject","inLanguage":"en-GB","@id":"https:\/\/kitijaabele.com\/par-eft\/#primaryimage","url":"https:\/\/kitijaabele.art\/wp-content\/uploads\/2025\/01\/IMG_1574-2-691x1024.jpg","contentUrl":"https:\/\/kitijaabele.art\/wp-content\/uploads\/2025\/01\/IMG_1574-2-691x1024.jpg"},{"@type":"BreadcrumbList","@id":"https:\/\/kitijaabele.com\/par-eft\/#breadcrumb","itemListElement":[{"@type":"ListItem","position":1,"name":"Home","item":"https:\/\/kitijaabele.com\/"},{"@type":"ListItem","position":2,"name":"Par EFT"}]},{"@type":"WebSite","@id":"https:\/\/kitijaabele.com\/#website","url":"https:\/\/kitijaabele.com\/","name":"Kitija Abele","description":"Kitija \u0100bele - EFT Prakti\u0137is (ener\u0123ijas terapeits), fotogr\u0101fe, video veidot\u0101ja un gr\u0101matas \u201cMekl\u0113jot gaismu sev\u012b\u201d autore.","publisher":{"@id":"https:\/\/kitijaabele.com\/#\/schema\/person\/a6fdc7e47ba166099fbd1105eb6e14c5"},"potentialAction":[{"@type":"SearchAction","target":{"@type":"EntryPoint","urlTemplate":"https:\/\/kitijaabele.com\/?s={search_term_string}"},"query-input":{"@type":"PropertyValueSpecification","valueRequired":true,"valueName":"search_term_string"}}],"inLanguage":"en-GB"},{"@type":["Person","Organization"],"@id":"https:\/\/kitijaabele.com\/#\/schema\/person\/a6fdc7e47ba166099fbd1105eb6e14c5","name":"KITIJAMANGULE","image":{"@type":"ImageObject","inLanguage":"en-GB","@id":"https:\/\/kitijaabele.art\/wp-content\/uploads\/2025\/01\/IMG_1957-1-edited.jpg","url":"https:\/\/kitijaabele.art\/wp-content\/uploads\/2025\/01\/IMG_1957-1-edited.jpg","contentUrl":"https:\/\/kitijaabele.art\/wp-content\/uploads\/2025\/01\/IMG_1957-1-edited.jpg","width":770,"height":1155,"caption":"KITIJAMANGULE"},"logo":{"@id":"https:\/\/kitijaabele.art\/wp-content\/uploads\/2025\/01\/IMG_1957-1-edited.jpg"}}]}},"jetpack_sharing_enabled":true,"_links":{"self":[{"href":"https:\/\/kitijaabele.com\/en\/wp-json\/wp\/v2\/pages\/128","targetHints":{"allow":["GET"]}}],"collection":[{"href":"https:\/\/kitijaabele.com\/en\/wp-json\/wp\/v2\/pages"}],"about":[{"href":"https:\/\/kitijaabele.com\/en\/wp-json\/wp\/v2\/types\/page"}],"author":[{"embeddable":true,"href":"https:\/\/kitijaabele.com\/en\/wp-json\/wp\/v2\/users\/1"}],"replies":[{"embeddable":true,"href":"https:\/\/kitijaabele.com\/en\/wp-json\/wp\/v2\/comments?post=128"}],"version-history":[{"count":4,"href":"https:\/\/kitijaabele.com\/en\/wp-json\/wp\/v2\/pages\/128\/revisions"}],"predecessor-version":[{"id":181,"href":"https:\/\/kitijaabele.com\/en\/wp-json\/wp\/v2\/pages\/128\/revisions\/181"}],"wp:attachment":[{"href":"https:\/\/kitijaabele.com\/en\/wp-json\/wp\/v2\/media?parent=128"}],"curies":[{"name":"wp","href":"https:\/\/api.w.org\/{rel}","templated":true}]}}