{"id":152,"date":"2025-01-15T08:13:32","date_gmt":"2025-01-15T08:13:32","guid":{"rendered":"https:\/\/kitijaabele.art\/?page_id=152"},"modified":"2025-05-27T06:51:49","modified_gmt":"2025-05-27T06:51:49","slug":"pieteikties-eft-sesijai","status":"publish","type":"page","link":"https:\/\/kitijaabele.com\/en\/pieteikties-eft-sesijai\/","title":{"rendered":"Apply for a Session"},"content":{"rendered":"<p class=\"has-primary-color has-text-color has-link-color wp-elements-ed8a1c7e9b4a1ab0dc1e9c923c07ab55\"><strong><strong>How an EFT Session Works and How to Prepare?<\/strong><\/strong><\/p>\n\n\n\n<p class=\"\">Structure of a Session:<\/p>\n\n\n\n<ul class=\"wp-block-list\">\n<li class=\"\">Conversation <\/li>\n\n\n\n<li class=\"\">EFT Tapping<\/li>\n\n\n\n<li class=\"\">Brief closing discussion and farewell<\/li>\n<\/ul>\n\n\n\n<p class=\"\">Each session lasts approximately 1.5 hours.<\/p>\n\n\n\n<p class=\"\">Currently, sessions are held remotely via Zoom or WhatsApp video call with the camera turned on.<\/p>\n\n\n\n<p class=\"\"><strong>During the session: <\/strong><\/p>\n\n\n\n<p class=\"\">You should be in a quiet room, alone, without distractions from other people, pets, or background noise.<\/p>\n\n\n\n<p class=\"\">Please have a glass of clean water and tissues nearby.<\/p>\n\n\n\n<p class=\"\">I do not work with clients under the influence of alcohol or drugs.<\/p>\n\n\n\n<p class=\"has-primary-color has-text-color has-link-color wp-elements-81208c671827d9a98b696b0b4e3ee38a\"><strong>What is the session fee?<\/strong><\/p>\n\n\n\n<p class=\"\">The session fee is \u20ac70.00.<\/p>\n\n\n\n<p class=\"has-primary-color has-base-background-color has-text-color has-background has-link-color wp-elements-261a3b6f5f4c29573dbf4c4050861668\"><strong>How Can You Book a Session?<\/strong><\/p>\n\n\n\n<p class=\"\"><strong>To book a session, please contact me via email or phone:<\/strong><\/p>\n\n\n\n<p class=\"\">Tel. +371 27730096<\/p>\n\n\n\n<p class=\"\"><a href=\"mailto:Kitija.abele@gmail.com\">kitija.abele@gmail.com<\/a><\/p>\n\n\n\n<p class=\"\"><\/p>","protected":false},"excerpt":{"rendered":"<p>K\u0101 notiek EFT sesija un k\u0101 Tev sagatavoties sesijai? Sesijas strukt\u016bra: Vienas sesija ilgums ir aptuveni pusotra stunda. \u0160obr\u012bd sesijas vadu att\u0101lin\u0101ti \u2013 \u00a0Zoom vai Watsapp zvan\u0101 ar iesl\u0113gtu kameru. Sesijas laik\u0101: Tev ir j\u0101atrodas klus\u0101 telp\u0101, vienam, kur Tevi netrauc\u0113tu citi cilv\u0113ki, dz\u012bvnieki un fona trok\u0161\u0146i. Sesijas laik\u0101 l\u012bdz\u0101s j\u0101tur t\u012brs \u016bdens un salvetes. [&hellip;]<\/p>\n","protected":false},"author":1,"featured_media":0,"parent":0,"menu_order":0,"comment_status":"closed","ping_status":"closed","template":"","meta":{"nf_dc_page":"","om_disable_all_campaigns":false,"_monsterinsights_skip_tracking":false,"_monsterinsights_sitenote_active":false,"_monsterinsights_sitenote_note":"","_monsterinsights_sitenote_category":0,"footnotes":""},"class_list":["post-152","page","type-page","status-publish","hentry"],"yoast_head":"<!-- This site is optimized with the Yoast SEO plugin v27.4 - https:\/\/yoast.com\/product\/yoast-seo-wordpress\/ -->\n<title>Pieteikties sesijai - Kitija Abele<\/title>\n<meta name=\"robots\" content=\"index, follow, max-snippet:-1, max-image-preview:large, max-video-preview:-1\" \/>\n<link rel=\"canonical\" href=\"https:\/\/kitijaabele.com\/en\/pieteikties-eft-sesijai\/\" \/>\n<meta property=\"og:locale\" content=\"en_GB\" \/>\n<meta property=\"og:type\" content=\"article\" \/>\n<meta property=\"og:title\" content=\"Pieteikties sesijai - Kitija Abele\" \/>\n<meta property=\"og:description\" content=\"K\u0101 notiek EFT sesija un k\u0101 Tev sagatavoties sesijai? Sesijas strukt\u016bra: Vienas sesija ilgums ir aptuveni pusotra stunda. \u0160obr\u012bd sesijas vadu att\u0101lin\u0101ti \u2013 \u00a0Zoom vai Watsapp zvan\u0101 ar iesl\u0113gtu kameru. Sesijas laik\u0101: Tev ir j\u0101atrodas klus\u0101 telp\u0101, vienam, kur Tevi netrauc\u0113tu citi cilv\u0113ki, dz\u012bvnieki un fona trok\u0161\u0146i. Sesijas laik\u0101 l\u012bdz\u0101s j\u0101tur t\u012brs \u016bdens un salvetes. [&hellip;]\" \/>\n<meta property=\"og:url\" content=\"https:\/\/kitijaabele.com\/en\/pieteikties-eft-sesijai\/\" \/>\n<meta property=\"og:site_name\" content=\"Kitija Abele\" \/>\n<meta property=\"article:modified_time\" content=\"2025-05-27T06:51:49+00:00\" \/>\n<meta name=\"twitter:card\" content=\"summary_large_image\" \/>\n<meta name=\"twitter:label1\" content=\"Estimated reading time\" \/>\n\t<meta name=\"twitter:data1\" content=\"1 minute\" \/>\n<script type=\"application\/ld+json\" class=\"yoast-schema-graph\">{\"@context\":\"https:\\\/\\\/schema.org\",\"@graph\":[{\"@type\":\"WebPage\",\"@id\":\"https:\\\/\\\/kitijaabele.com\\\/pieteikties-eft-sesijai\\\/\",\"url\":\"https:\\\/\\\/kitijaabele.com\\\/pieteikties-eft-sesijai\\\/\",\"name\":\"Pieteikties sesijai - Kitija Abele\",\"isPartOf\":{\"@id\":\"https:\\\/\\\/kitijaabele.com\\\/#website\"},\"datePublished\":\"2025-01-15T08:13:32+00:00\",\"dateModified\":\"2025-05-27T06:51:49+00:00\",\"breadcrumb\":{\"@id\":\"https:\\\/\\\/kitijaabele.com\\\/pieteikties-eft-sesijai\\\/#breadcrumb\"},\"inLanguage\":\"en-GB\",\"potentialAction\":[{\"@type\":\"ReadAction\",\"target\":[\"https:\\\/\\\/kitijaabele.com\\\/pieteikties-eft-sesijai\\\/\"]}]},{\"@type\":\"BreadcrumbList\",\"@id\":\"https:\\\/\\\/kitijaabele.com\\\/pieteikties-eft-sesijai\\\/#breadcrumb\",\"itemListElement\":[{\"@type\":\"ListItem\",\"position\":1,\"name\":\"Home\",\"item\":\"https:\\\/\\\/kitijaabele.com\\\/\"},{\"@type\":\"ListItem\",\"position\":2,\"name\":\"Pieteikties sesijai\"}]},{\"@type\":\"WebSite\",\"@id\":\"https:\\\/\\\/kitijaabele.com\\\/#website\",\"url\":\"https:\\\/\\\/kitijaabele.com\\\/\",\"name\":\"Kitija Abele\",\"description\":\"Kitija \u0100bele - EFT Prakti\u0137is (ener\u0123ijas terapeits), fotogr\u0101fe, video veidot\u0101ja un gr\u0101matas \u201cMekl\u0113jot gaismu sev\u012b\u201d autore.\",\"publisher\":{\"@id\":\"https:\\\/\\\/kitijaabele.com\\\/#\\\/schema\\\/person\\\/a6fdc7e47ba166099fbd1105eb6e14c5\"},\"potentialAction\":[{\"@type\":\"SearchAction\",\"target\":{\"@type\":\"EntryPoint\",\"urlTemplate\":\"https:\\\/\\\/kitijaabele.com\\\/?s={search_term_string}\"},\"query-input\":{\"@type\":\"PropertyValueSpecification\",\"valueRequired\":true,\"valueName\":\"search_term_string\"}}],\"inLanguage\":\"en-GB\"},{\"@type\":[\"Person\",\"Organization\"],\"@id\":\"https:\\\/\\\/kitijaabele.com\\\/#\\\/schema\\\/person\\\/a6fdc7e47ba166099fbd1105eb6e14c5\",\"name\":\"KITIJAMANGULE\",\"image\":{\"@type\":\"ImageObject\",\"inLanguage\":\"en-GB\",\"@id\":\"https:\\\/\\\/kitijaabele.art\\\/wp-content\\\/uploads\\\/2025\\\/01\\\/IMG_1957-1-edited.jpg\",\"url\":\"https:\\\/\\\/kitijaabele.art\\\/wp-content\\\/uploads\\\/2025\\\/01\\\/IMG_1957-1-edited.jpg\",\"contentUrl\":\"https:\\\/\\\/kitijaabele.art\\\/wp-content\\\/uploads\\\/2025\\\/01\\\/IMG_1957-1-edited.jpg\",\"width\":770,\"height\":1155,\"caption\":\"KITIJAMANGULE\"},\"logo\":{\"@id\":\"https:\\\/\\\/kitijaabele.art\\\/wp-content\\\/uploads\\\/2025\\\/01\\\/IMG_1957-1-edited.jpg\"}}]}<\/script>\n<!-- \/ Yoast SEO plugin. -->","yoast_head_json":{"title":"Pieteikties sesijai - Kitija Abele","robots":{"index":"index","follow":"follow","max-snippet":"max-snippet:-1","max-image-preview":"max-image-preview:large","max-video-preview":"max-video-preview:-1"},"canonical":"https:\/\/kitijaabele.com\/en\/pieteikties-eft-sesijai\/","og_locale":"en_GB","og_type":"article","og_title":"Pieteikties sesijai - Kitija Abele","og_description":"K\u0101 notiek EFT sesija un k\u0101 Tev sagatavoties sesijai? Sesijas strukt\u016bra: Vienas sesija ilgums ir aptuveni pusotra stunda. \u0160obr\u012bd sesijas vadu att\u0101lin\u0101ti \u2013 \u00a0Zoom vai Watsapp zvan\u0101 ar iesl\u0113gtu kameru. Sesijas laik\u0101: Tev ir j\u0101atrodas klus\u0101 telp\u0101, vienam, kur Tevi netrauc\u0113tu citi cilv\u0113ki, dz\u012bvnieki un fona trok\u0161\u0146i. Sesijas laik\u0101 l\u012bdz\u0101s j\u0101tur t\u012brs \u016bdens un salvetes. [&hellip;]","og_url":"https:\/\/kitijaabele.com\/en\/pieteikties-eft-sesijai\/","og_site_name":"Kitija Abele","article_modified_time":"2025-05-27T06:51:49+00:00","twitter_card":"summary_large_image","twitter_misc":{"Estimated reading time":"1 minute"},"schema":{"@context":"https:\/\/schema.org","@graph":[{"@type":"WebPage","@id":"https:\/\/kitijaabele.com\/pieteikties-eft-sesijai\/","url":"https:\/\/kitijaabele.com\/pieteikties-eft-sesijai\/","name":"Pieteikties sesijai - Kitija Abele","isPartOf":{"@id":"https:\/\/kitijaabele.com\/#website"},"datePublished":"2025-01-15T08:13:32+00:00","dateModified":"2025-05-27T06:51:49+00:00","breadcrumb":{"@id":"https:\/\/kitijaabele.com\/pieteikties-eft-sesijai\/#breadcrumb"},"inLanguage":"en-GB","potentialAction":[{"@type":"ReadAction","target":["https:\/\/kitijaabele.com\/pieteikties-eft-sesijai\/"]}]},{"@type":"BreadcrumbList","@id":"https:\/\/kitijaabele.com\/pieteikties-eft-sesijai\/#breadcrumb","itemListElement":[{"@type":"ListItem","position":1,"name":"Home","item":"https:\/\/kitijaabele.com\/"},{"@type":"ListItem","position":2,"name":"Pieteikties sesijai"}]},{"@type":"WebSite","@id":"https:\/\/kitijaabele.com\/#website","url":"https:\/\/kitijaabele.com\/","name":"Kitija Abele","description":"Kitija \u0100bele - EFT Prakti\u0137is (ener\u0123ijas terapeits), fotogr\u0101fe, video veidot\u0101ja un gr\u0101matas \u201cMekl\u0113jot gaismu sev\u012b\u201d autore.","publisher":{"@id":"https:\/\/kitijaabele.com\/#\/schema\/person\/a6fdc7e47ba166099fbd1105eb6e14c5"},"potentialAction":[{"@type":"SearchAction","target":{"@type":"EntryPoint","urlTemplate":"https:\/\/kitijaabele.com\/?s={search_term_string}"},"query-input":{"@type":"PropertyValueSpecification","valueRequired":true,"valueName":"search_term_string"}}],"inLanguage":"en-GB"},{"@type":["Person","Organization"],"@id":"https:\/\/kitijaabele.com\/#\/schema\/person\/a6fdc7e47ba166099fbd1105eb6e14c5","name":"KITIJAMANGULE","image":{"@type":"ImageObject","inLanguage":"en-GB","@id":"https:\/\/kitijaabele.art\/wp-content\/uploads\/2025\/01\/IMG_1957-1-edited.jpg","url":"https:\/\/kitijaabele.art\/wp-content\/uploads\/2025\/01\/IMG_1957-1-edited.jpg","contentUrl":"https:\/\/kitijaabele.art\/wp-content\/uploads\/2025\/01\/IMG_1957-1-edited.jpg","width":770,"height":1155,"caption":"KITIJAMANGULE"},"logo":{"@id":"https:\/\/kitijaabele.art\/wp-content\/uploads\/2025\/01\/IMG_1957-1-edited.jpg"}}]}},"jetpack_sharing_enabled":true,"_links":{"self":[{"href":"https:\/\/kitijaabele.com\/en\/wp-json\/wp\/v2\/pages\/152","targetHints":{"allow":["GET"]}}],"collection":[{"href":"https:\/\/kitijaabele.com\/en\/wp-json\/wp\/v2\/pages"}],"about":[{"href":"https:\/\/kitijaabele.com\/en\/wp-json\/wp\/v2\/types\/page"}],"author":[{"embeddable":true,"href":"https:\/\/kitijaabele.com\/en\/wp-json\/wp\/v2\/users\/1"}],"replies":[{"embeddable":true,"href":"https:\/\/kitijaabele.com\/en\/wp-json\/wp\/v2\/comments?post=152"}],"version-history":[{"count":5,"href":"https:\/\/kitijaabele.com\/en\/wp-json\/wp\/v2\/pages\/152\/revisions"}],"predecessor-version":[{"id":281,"href":"https:\/\/kitijaabele.com\/en\/wp-json\/wp\/v2\/pages\/152\/revisions\/281"}],"wp:attachment":[{"href":"https:\/\/kitijaabele.com\/en\/wp-json\/wp\/v2\/media?parent=152"}],"curies":[{"name":"wp","href":"https:\/\/api.w.org\/{rel}","templated":true}]}}